{"id":18,"date":"2024-01-02T21:12:09","date_gmt":"2024-01-03T00:12:09","guid":{"rendered":"https:\/\/radiobarrosomix.com.br\/?page_id=18"},"modified":"2024-01-02T21:12:09","modified_gmt":"2024-01-03T00:12:09","slug":"a-radio","status":"publish","type":"page","link":"https:\/\/radiobarrosomix.com.br\/index.php\/a-radio\/","title":{"rendered":"A R\u00e1dio"},"content":{"rendered":"\n<p>A R\u00e1dio Barroso Mix representa uma plataforma inovadora e envolvente de transmiss\u00e3o online, inteiramente dedicada \u00e0 f\u00e9 e \u00e0 viv\u00eancia cat\u00f3lica. Com uma programa\u00e7\u00e3o meticulosamente selecionada, nossa esta\u00e7\u00e3o transcende o ordin\u00e1rio ao oferecer uma mistura inspiradora de m\u00fasicas que elevam o esp\u00edrito e programas religiosos interativos e distintos. Nossa linguagem \u00e9 direta, din\u00e2mica e acess\u00edvel, projetada para enriquecer e energizar o cotidiano de uma audi\u00eancia global.<\/p>\n\n\n\n<p>Comprometidos em louvar e exaltar o nome do Senhor incessantemente, operamos 24 horas por dia, reafirmando nosso prop\u00f3sito divino conforme instru\u00eddo em Marcos 16:15: &#8220;E disse-lhes: Ide por todo o mundo, pregai o evangelho a toda criatura&#8221;. A R\u00e1dio Barroso Mix n\u00e3o \u00e9 apenas uma emissora; \u00e9 um movimento, uma miss\u00e3o e uma comunidade unida pela f\u00e9 e pelo desejo de espalhar a palavra de Deus. Junte-se a n\u00f3s nessa jornada espiritual e seja parte de algo maior, todos os dias.<\/p>\n","protected":false},"excerpt":{"rendered":"<p>A R\u00e1dio Barroso Mix representa uma plataforma inovadora e envolvente de transmiss\u00e3o online, inteiramente dedicada \u00e0 f\u00e9 e \u00e0 viv\u00eancia cat\u00f3lica. Com uma programa\u00e7\u00e3o meticulosamente selecionada, nossa esta\u00e7\u00e3o transcende o ordin\u00e1rio ao oferecer uma mistura inspiradora de m\u00fasicas que elevam o esp\u00edrito e programas religiosos interativos e distintos. Nossa linguagem \u00e9 direta, din\u00e2mica e acess\u00edvel, [&hellip;]<\/p>\n","protected":false},"author":1,"featured_media":0,"parent":0,"menu_order":0,"comment_status":"closed","ping_status":"closed","template":"","meta":{"footnotes":""},"tags":[],"class_list":["post-18","page","type-page","status-publish","hentry"],"acf":[],"_links":{"self":[{"href":"https:\/\/radiobarrosomix.com.br\/index.php\/wp-json\/wp\/v2\/pages\/18","targetHints":{"allow":["GET"]}}],"collection":[{"href":"https:\/\/radiobarrosomix.com.br\/index.php\/wp-json\/wp\/v2\/pages"}],"about":[{"href":"https:\/\/radiobarrosomix.com.br\/index.php\/wp-json\/wp\/v2\/types\/page"}],"author":[{"embeddable":true,"href":"https:\/\/radiobarrosomix.com.br\/index.php\/wp-json\/wp\/v2\/users\/1"}],"replies":[{"embeddable":true,"href":"https:\/\/radiobarrosomix.com.br\/index.php\/wp-json\/wp\/v2\/comments?post=18"}],"version-history":[{"count":1,"href":"https:\/\/radiobarrosomix.com.br\/index.php\/wp-json\/wp\/v2\/pages\/18\/revisions"}],"predecessor-version":[{"id":19,"href":"https:\/\/radiobarrosomix.com.br\/index.php\/wp-json\/wp\/v2\/pages\/18\/revisions\/19"}],"wp:attachment":[{"href":"https:\/\/radiobarrosomix.com.br\/index.php\/wp-json\/wp\/v2\/media?parent=18"}],"wp:term":[{"taxonomy":"post_tag","embeddable":true,"href":"https:\/\/radiobarrosomix.com.br\/index.php\/wp-json\/wp\/v2\/tags?post=18"}],"curies":[{"name":"wp","href":"https:\/\/api.w.org\/{rel}","templated":true}]}}